{"id":7,"date":"2022-02-22T22:54:28","date_gmt":"2022-02-23T01:54:28","guid":{"rendered":"http:\/\/lopestransportes.com.br\/site\/?page_id=7"},"modified":"2022-02-28T11:37:50","modified_gmt":"2022-02-28T14:37:50","slug":"home","status":"publish","type":"page","link":"http:\/\/lopestransportes.com.br\/site\/","title":{"rendered":"LOPES Transportes"},"content":{"rendered":"<p>[vc_row][vc_column][vc_column_text]Atrav\u00e9s deste relato apresentado pela nossa Empresa, pretendemos mostrar de que forma podemos participar de suas concorr\u00eancias na \u00e1rea de transporte de cargas.[\/vc_column_text][\/vc_column][\/vc_row][vc_row][vc_column][vc_column_text]<strong><u>HIST\u00d3RICO<\/u><\/strong><\/p>\n<p>2019 \u2013 Em setembro iniciou suas atividades como micro empresa \u2013 <strong><em>LOPES TRANSPORTES E LOGISTICA EIRELI &#8211; ME, <\/em><\/strong>na cidade de Paranagu\u00e1-PR, tendo como principal atividade o remanejamento de cargas secas em cont\u00eaineres para algumas cidades do Estado do Paran\u00e1, Santa Catarina e do Estado de S\u00e3o Paulo.[\/vc_column_text][\/vc_column][\/vc_row][vc_row][vc_column][vc_column_text]<strong><u>VIS\u00c3O<\/u><\/strong><\/p>\n<p>A busca pela excel\u00eancia marca a recente hist\u00f3ria da empresa e \u00e9 sem d\u00favida a causa dos nossos sucessos. Assim sendo, procuramos, no processo de certifica\u00e7\u00e3o ISO 9001 \u2013 2000, um padr\u00e3o mundialmente reconhecido, mais uma oportunidade para nos diferenciarmos no mercado, pela possibilidade de melhorar continuamente a qualidade de nossos servi\u00e7os atrav\u00e9s da dedica\u00e7\u00e3o de nossos colaboradores e das tecnologias empregadas.[\/vc_column_text][\/vc_column][\/vc_row][vc_row][vc_column][vc_column_text]<strong><u>POL\u00cdTICA DE QUALIDADE<\/u><\/strong><\/p>\n<p><em>\u00a0\u00a0\u00a0\u00a0\u00a0\u00a0\u00a0\u00a0\u00a0\u00a0\u00a0 \u201cFornecer Transporte Rodovi\u00e1rio com Seguran\u00e7a, Excel\u00eancia e Qualidade, atendendo as necessidades dos clientes, atrav\u00e9s do comprometimento e das expectativas, atrav\u00e9s da melhoria cont\u00ednua de nossos processos. Promovendo assim, a satisfa\u00e7\u00e3o dos clientes\u201d.<\/em>[\/vc_column_text][\/vc_column][\/vc_row][vc_row][vc_column]<div data-number-format=\"(ddd).ddd\" class=\"gem-counter-box row inline-row inline-row-center gem-counter-style-1\" ><\/div>[\/vc_column][\/vc_row][vc_row][vc_column][vc_column_text]<strong><u>FROTA<\/u><\/strong><\/p>\n<p>Atualmente a <strong><em>LOPES TRANSPORTES <\/em><\/strong>conta com uma frota de Terceiros e de agregados de mais de 40 ve\u00edculos para opera\u00e7\u00e3o desde as cargas mais leves at\u00e9 a mais pesada sendo com carrocerias abertas, pranchas e ou ba\u00fas,<\/p>\n<p>&nbsp;<\/p>\n<table>\n<tbody>\n<tr>\n<td width=\"166\"><strong>Tipo de ve\u00edculo<\/strong><\/td>\n<td width=\"84\"><strong>Capacidade<\/strong><\/td>\n<td width=\"102\"><strong>comprimento<\/strong><\/td>\n<td width=\"123\"><strong>largura<\/strong><\/td>\n<td width=\"126\"><strong>altura<\/strong><\/td>\n<\/tr>\n<tr>\n<td width=\"166\"><strong>Ve\u00edculo \u00be Ba\u00fa <\/strong><\/td>\n<td width=\"84\">2.800 kg<\/td>\n<td width=\"102\">5,50 mts<\/td>\n<td width=\"123\">2,20 mts<\/td>\n<td width=\"126\">2,00mts<\/td>\n<\/tr>\n<tr>\n<td width=\"166\"><strong>Caminh\u00e3o Toco Ba\u00fa <\/strong><\/td>\n<td width=\"84\">\u00a05.000 kg<\/td>\n<td width=\"102\">6,50 mts<\/td>\n<td width=\"123\">2,40 mts<\/td>\n<td width=\"126\">2,10 mts<\/td>\n<\/tr>\n<tr>\n<td width=\"166\"><strong>Porta Container Truck \u00a0<\/strong><\/td>\n<td width=\"84\">10.000 kg<\/td>\n<td width=\"102\">7,20 mts<\/td>\n<td width=\"123\">2,40 mts<\/td>\n<td width=\"126\">&nbsp;<\/td>\n<\/tr>\n<tr>\n<td width=\"166\"><strong>Porta Container Carreta <\/strong><\/td>\n<td width=\"84\">26.000 kg<\/td>\n<td width=\"102\">13,00 mts<\/td>\n<td width=\"123\">2,50 mts<\/td>\n<td width=\"126\">&nbsp;<\/td>\n<\/tr>\n<\/tbody>\n<\/table>\n<p>&nbsp;[\/vc_column_text][\/vc_column][\/vc_row][vc_row][vc_column][vc_column_text]<\/p>\n<h6>\u00a0 SERVI\u00c7OS PRESTADOS<\/h6>\n<p>A <strong><em>Lopes Transportes<\/em><\/strong>, com apenas 2 anos no mercado, opera na \u00e1rea de Transportes Rodovi\u00e1rios Nacional e Aduaneiros de cargas secas, fechadas, sens\u00edveis, distribui\u00e7\u00e3o, movimenta\u00e7\u00e3o<strong>. <\/strong>[\/vc_column_text][\/vc_column][\/vc_row][vc_row][vc_column][vc_column_text]<\/p>\n<h6>TRANSPORTES ADUANEIROS<\/h6>\n<p>Estamos cadastrados junto <strong>Receita Federal do Brasil<\/strong>, possuindo Garantia de Patrim\u00f4nio para a emiss\u00e3o de <strong>DTA:<\/strong><\/p>\n<ul>\n<li>Aeroporto Afonso Pena (S\u00e3o Jos\u00e9 dos Pinhais-PR)<\/li>\n<li>Porto de Paranagu\u00e1-PR<\/li>\n<li>Porto de Itaja\u00ed-SC<\/li>\n<\/ul>\n<p>[\/vc_column_text][\/vc_column][\/vc_row][vc_row][vc_column][vc_column_text]<\/p>\n<h6>FUNCION\u00c1RIOS<\/h6>\n<p>Nossos funcion\u00e1rios s\u00e3o devidamente selecionados e treinados para atender as necessidades de nossos clientes. Profissionais com vasta experi\u00eancia no setor de Log\u00edstica e Transportes Aduaneiros.[\/vc_column_text][\/vc_column][\/vc_row][vc_row][vc_column][vc_column_text]<strong><u>SEGURO<\/u><\/strong><\/p>\n<p>Mantemos uma ap\u00f3lice com a SOMPO Seguros, ap\u00f3lice de seguro para todos os embarques no valor de at\u00e9 R$ 1.000.000,00 podendo este se estender at\u00e9 o valor de R$ 3.000.000,00[\/vc_column_text][\/vc_column][\/vc_row][vc_row][vc_column][vc_column_text]<\/p>\n<p style=\"text-align: center;\">Desta forma nos colocamos \u00e0 sua disposi\u00e7\u00e3o para quaisquer esclarecimentos adicionais que se fizerem necess\u00e1rios.<\/p>\n<p>[\/vc_column_text][\/vc_column][\/vc_row][vc_row][vc_column][vc_column_text]Atenciosamente,<\/p>\n<p><strong>Cleverson Lopes.<\/strong><\/p>\n<p style=\"text-align: center;\">Comercial \u2013 LOPES TRANSPORTES E LOGISTICA EIRELI \u2013 ME.<\/p>\n<p style=\"text-align: center;\">Tel\/Fax: (41) 3427-4339\u00a0 Cel: (41) 98863-0050<\/p>\n<p style=\"text-align: center;\">Skype: Cleversonlopes1<\/p>\n<p style=\"text-align: center;\">E-mail: <a href=\"mailto:lopes@lopestransportes.com.br\">lopes@lopestransportes.com.br<\/a><\/p>\n<p>[\/vc_column_text][\/vc_column][\/vc_row]<\/p>\n","protected":false},"excerpt":{"rendered":"<p>[vc_row][vc_column][vc_column_text]Atrav\u00e9s deste relato apresentado pela nossa Empresa, pretendemos mostrar de que forma podemos participar de suas concorr\u00eancias na \u00e1rea de&#8230;<\/p>\n","protected":false},"author":1,"featured_media":0,"parent":0,"menu_order":0,"comment_status":"closed","ping_status":"closed","template":"","meta":{"footnotes":""},"class_list":["post-7","page","type-page","status-publish","hentry"],"_links":{"self":[{"href":"http:\/\/lopestransportes.com.br\/site\/index.php\/wp-json\/wp\/v2\/pages\/7","targetHints":{"allow":["GET"]}}],"collection":[{"href":"http:\/\/lopestransportes.com.br\/site\/index.php\/wp-json\/wp\/v2\/pages"}],"about":[{"href":"http:\/\/lopestransportes.com.br\/site\/index.php\/wp-json\/wp\/v2\/types\/page"}],"author":[{"embeddable":true,"href":"http:\/\/lopestransportes.com.br\/site\/index.php\/wp-json\/wp\/v2\/users\/1"}],"replies":[{"embeddable":true,"href":"http:\/\/lopestransportes.com.br\/site\/index.php\/wp-json\/wp\/v2\/comments?post=7"}],"version-history":[{"count":4,"href":"http:\/\/lopestransportes.com.br\/site\/index.php\/wp-json\/wp\/v2\/pages\/7\/revisions"}],"predecessor-version":[{"id":22,"href":"http:\/\/lopestransportes.com.br\/site\/index.php\/wp-json\/wp\/v2\/pages\/7\/revisions\/22"}],"wp:attachment":[{"href":"http:\/\/lopestransportes.com.br\/site\/index.php\/wp-json\/wp\/v2\/media?parent=7"}],"curies":[{"name":"wp","href":"https:\/\/api.w.org\/{rel}","templated":true}]}}